{"id":32030,"date":"2025-04-17T04:39:14","date_gmt":"2025-04-17T02:39:14","guid":{"rendered":"https:\/\/eltawkel-store.com\/?post_type=product&#038;p=32030"},"modified":"2025-04-17T04:41:19","modified_gmt":"2025-04-17T02:41:19","slug":"%d8%b3%d8%a7%d8%b9%d8%a9-%d8%ac%d9%8a-%d8%b1%d9%88%d9%85-jr_ft5-plus","status":"publish","type":"product","link":"https:\/\/eltawkel-store.com\/en\/product\/%d8%b3%d8%a7%d8%b9%d8%a9-%d8%ac%d9%8a-%d8%b1%d9%88%d9%85-jr_ft5-plus\/","title":{"rendered":"\u0633\u0627\u0639\u0629 \u062c\u064a \u0631\u0648\u0645 JR_FT5 PLUS"},"content":{"rendered":"<p>&nbsp;<\/p>\n<section id=\"projector_longdescription\" class=\"longdescription cm col-12 show-gradient\" data-dictionary=\"true\">\n<h2>Joyroom Fit-Life JR-FT5 Plus Smartwatch mit Anrufbeantworterfunktion &#8211; Rosa<\/h2>\n<p>Entdecken Sie die unvergleichlichen Funktionen der Smartwatch JR-FT5 Plus der Joyroom Fit-life-Serie. Mit einem aktualisierten System und einer hohen Bildwiederholfrequenz bietet es ein reibungsloses, verz\u00f6gerungsfreies Erlebnis. W\u00e4hlen Sie aus 100 Sportmodi, die Ihre Trainingsdaten automatisch erkennen und speichern. Mit einem 1,96-Zoll-HD-TFT-Display kommen Sie in den Genuss einer extrem hohen Bildqualit\u00e4t und verschiedener Zifferbl\u00e4tter. \u00dcberwachen Sie Ihre Gesundheit kontinuierlich mit der Rund-um-die-Uhr-\u00dcberwachung Ihrer Herzfrequenz, Ihres Blutsauerstoffgehalts, Ihres Schlafs und Ihres Stresses. Dar\u00fcber hinaus ist die Uhr bis zu 10 Meter wasserdicht und erm\u00f6glicht Ihnen so die uneingeschr\u00e4nkte Nutzung im Regen und bei Wasseraktivit\u00e4ten.<\/p>\n<div class=\"descr-img-right\">\n<div class=\"descr-imgs\"><img decoding=\"async\" src=\"https:\/\/hurtel.com\/hpeciai\/e6e5d2d1c6f647153a3283a5c399e3fa\/pol_po_Smartwach-Joyroom-Fit-Life-JR-FT5-Plus-z-funkcja-odbierania-polaczen-rozowy-171003_2.jpg\" alt=\"Joyroom Fit-Life JR-FT5 Plus Smartwatch auf wei\u00dfem Hintergrund\" border=\"0\" \/><\/div>\n<div class=\"descr\">\n<div class=\"descr-text\">\n<p><strong>Spezifikation:<\/strong><\/p>\n<ul>\n<li>Marke: Joyroom<\/li>\n<li>Modell: Fit-Lite JR-FT5 Plus_RG<\/li>\n<li>Bluetooth-Version: Bluetooth 5.4<\/li>\n<li>Bluetooth-Reichweite: 10 m<\/li>\n<li>Batteriekapazit\u00e4t: 300 mAh<\/li>\n<li>Stromversorgung: 5V\/1A<\/li>\n<li>Speicher: 128 MB<\/li>\n<li>Ladezeit: 2,5 Stunden<\/li>\n<li>Verarbeitungszeit bei typischer Nutzung: 8 &#8211; 12 Tage<\/li>\n<li>Standby-Zeit: 25-30 Tage<\/li>\n<li>Schutzklasse: 1 ATM<\/li>\n<li>Bildschirmgr\u00f6\u00dfe: 1,96&#8243;<\/li>\n<li>Bildschirmtyp: TFT<\/li>\n<li>Bildschirmaufl\u00f6sung: 320 x 385 px<\/li>\n<li>Armbandgr\u00f6\u00dfe: 200 x 22 mm (passt an ein Handgelenk mit einem Umfang von 102 \u2013 182 mm)<\/li>\n<li>Im Lieferumfang enthalten: magnetisches Ladekabel<\/li>\n<li>Material: Zinklegierung, ABS, PC<\/li>\n<li>Farbe: rosa<\/li>\n<\/ul>\n<\/div>\n<div class=\"descr-text\">\n<p><strong>Die wichtigsten Vorteile der Joyroom Fit-Life JR-FT5 Plus Smartwatch:<\/strong><\/p>\n<ul>\n<li><strong>Garantiert einen reibungslosen Betrieb ohne Verz\u00f6gerungen<\/strong>\u00a0. Es verf\u00fcgt \u00fcber ein neu aktualisiertes System und eine hohe Bildwiederholrate.<\/li>\n<li><strong>Erm\u00f6glicht vielseitiges Training dank 100 Sportmodi<\/strong>\u00a0. Erkennt und zeichnet Sportdaten automatisch auf.<\/li>\n<li><strong>Bietet eine klare und reaktionsschnelle Anzeige<\/strong>\u00a0. Das 1,96 Zoll gro\u00dfe HD-TFT-Display verf\u00fcgt \u00fcber eine hohe Aufl\u00f6sung von 320 x 385 Pixeln.<\/li>\n<li><strong>\u00dcberwacht den Gesundheitszustand rund um die Uhr<\/strong>\u00a0. Es misst Herzfrequenz, Blutsauerstoffgehalt, Schlaf und Stress.<\/li>\n<li><strong>Sch\u00fctzt vor Wasser und Feuchtigkeit<\/strong>\u00a0. Die Smartwatch ist bis 10 Meter (1 ATM) wasserdicht.<\/li>\n<\/ul>\n<\/div>\n<\/div>\n<\/div>\n<div class=\"descr-center-border\">\n<div class=\"descr-img-center\">\n<h3>Reibungsloser Betrieb ohne Verz\u00f6gerungen<\/h3>\n<p>Die Smartwatch Joyroom Fit-life Series JR-FT5 Plus zeichnet sich durch eine au\u00dfergew\u00f6hnlich reibungslose Bedienung aus \u2013 dank des neu aktualisierten Systems. Die hohe Bildwiederholrate sorgt f\u00fcr schnelle Reaktionen und keine Verz\u00f6gerungen, was die Verwendung des Ger\u00e4ts \u00e4u\u00dferst komfortabel macht. Unabh\u00e4ngig von der Nutzungsintensit\u00e4t arbeitet die Uhr effizient und ohne Unterbrechungen.<\/p>\n<div class=\"descr-imgs\"><img decoding=\"async\" src=\"https:\/\/hurtel.com\/hpeciai\/b414446d1857864c8584902be9129898\/pol_po_Smartwach-Joyroom-Fit-Life-JR-FT5-Plus-z-funkcja-odbierania-polaczen-rozowy-171003_13.jpg\" alt=\"Joyroom Fit-life Series JR-FT5 Plus Smartwatch-Zifferblatt\" border=\"0\" \/><\/div>\n<\/div>\n<div class=\"descr-img-center\">\n<h3>Vielseitiges Training mit 100 Sportmodi<\/h3>\n<p>Die Joyroom Fit-life Series JR-FT5 Plus bietet bis zu 100 Sportmodi und ist damit der perfekte Begleiter f\u00fcr jedes Training. Egal ob Sie laufen, Rad fahren, Yoga machen oder andere Aktivit\u00e4ten aus\u00fcben, die Uhr erkennt und zeichnet Ihre Trainingsdaten automatisch auf. Mit dieser Funktion k\u00f6nnen Sie Ihre Fortschritte in verschiedenen Sportarten verfolgen und Ihr Training an Ihre individuellen Bed\u00fcrfnisse anpassen. Der Akku h\u00e4lt 8 bis 12 Tage, sodass Du ohne Ladepausen trainieren kannst.<\/p>\n<div class=\"descr-imgs\"><img decoding=\"async\" src=\"https:\/\/hurtel.com\/hpeciai\/8e93d0227f19f1cc7d5abf5556c51b6c\/pol_po_Smartwach-Joyroom-Fit-Life-JR-FT5-Plus-z-funkcja-odbierania-polaczen-rozowy-171003_10.jpg\" alt=\"Frau trainiert mit der Smartwatch Joyroom Fit-life Series JR-FT5 Plus\" border=\"0\" \/><\/div>\n<\/div>\n<div class=\"descr-img-center\">\n<h3>Klares und reaktionsschnelles Display<\/h3>\n<p>Genie\u00dfen Sie hervorragende Bildqualit\u00e4t auf dem 1,96 Zoll gro\u00dfen HD-TFT-Display. Die Aufl\u00f6sung von 320 x 385 bietet au\u00dfergew\u00f6hnliche Klarheit, sodass Sie Zeit, Schritte, Herzfrequenz und andere wichtige Informationen bequem \u00fcberwachen k\u00f6nnen. Die Uhr bietet verschiedene Zifferbl\u00e4tter, die Sie nach Ihren W\u00fcnschen anpassen k\u00f6nnen. Das Display reagiert sofort auf jede Ber\u00fchrung, was die Verwendung der Uhr intuitiv und angenehm macht. Dar\u00fcber hinaus bietet die Smartwatch Joyroom Fit-life Series JR-FT5 Plus intelligente Widgets wie Wettervorhersage, Alarm, Anruferinnerungen und Nachrichtenbenachrichtigungen.<\/p>\n<div class=\"descr-imgs\"><img decoding=\"async\" src=\"https:\/\/hurtel.com\/hpeciai\/2475e514a8c2b6ed13c54af819866aea\/pol_po_Smartwach-Joyroom-Fit-Life-JR-FT5-Plus-z-funkcja-odbierania-polaczen-rozowy-171003_5.jpg\" alt=\"Display der Smartwatch Joyroom Fit-life Series JR-FT5 Plus\" border=\"0\" \/><\/div>\n<\/div>\n<div class=\"descr-img-center\">\n<h3>Gesundheits\u00fcberwachung rund um die Uhr<\/h3>\n<p>Mit der Joyroom Fit-life Series JR-FT5 Plus k\u00fcmmern Sie sich um Ihre Gesundheit. Profitieren Sie von der \u00dcberwachung Ihrer Herzfrequenz, Ihres Blutsauerstoffgehalts, Ihres Schlafs und Ihres Stresses rund um die Uhr. Diese erweiterten Funktionen erm\u00f6glichen Ihnen die kontinuierliche \u00dcberwachung und Analyse mehrerer Vitalfunktionen. Dies wird Ihnen helfen, Ihre Gesundheit besser zu kontrollieren und fundierte Entscheidungen \u00fcber Ihren Lebensstil zu treffen. Es ist, als ob Sie immer einen pers\u00f6nlichen Gesundheitsassistenten bei sich h\u00e4tten, der sich um Ihr Wohlbefinden und Ihre Fitness k\u00fcmmert. Dar\u00fcber hinaus verf\u00fcgt die Uhr \u00fcber ein hautfreundliches Silikonarmband, das den ganzen Tag \u00fcber f\u00fcr Tragekomfort sorgt.<\/p>\n<div class=\"descr-imgs\"><img decoding=\"async\" src=\"https:\/\/hurtel.com\/hpeciai\/5e79f280b0ccf0ea80a8fb442e3255e7\/pol_po_Smartwach-Joyroom-Fit-Life-JR-FT5-Plus-z-funkcja-odbierania-polaczen-rozowy-171003_12.jpg\" alt=\"Die aufgef\u00fchrten Gesundheitsmodi in der Joyroom Fit-life Series JR-FT5 Plus Smartwatch\" border=\"0\" \/><\/div>\n<\/div>\n<div class=\"descr-img-center\">\n<h3>Wasserdicht, schnelles Laden<\/h3>\n<p>Die Joyroom Fit-life Series JR-FT5 Plus ist die perfekte Wahl f\u00fcr aktive Menschen, die keine Angst vor Wasser haben. Dank der Wasserdichtigkeit bis 10 Meter (1 ATM) k\u00f6nnen Sie Ihre Uhr beim Schwimmen, an Regentagen und beim intensiven Training tragen, ohne Angst vor Sch\u00e4den haben zu m\u00fcssen. Es ist eine einzigartige Kombination aus Stil und Funktionalit\u00e4t, die die Uhr f\u00fcr jede Herausforderung bereit macht. Dar\u00fcber hinaus dauert das vollst\u00e4ndige Aufladen nur 2 Stunden, sodass es immer einsatzbereit ist, auch unterwegs.<\/p>\n<div class=\"descr-imgs\"><img decoding=\"async\" src=\"https:\/\/hurtel.com\/hpeciai\/570a57aca9e3902767b90eae0824ce8b\/pol_po_Smartwach-Joyroom-Fit-Life-JR-FT5-Plus-z-funkcja-odbierania-polaczen-rozowy-171003_7.jpg\" alt=\"Hand mit Joyroom Fit-life Series JR-FT5 Plus Smartwatch in Wasser getaucht\" border=\"0\" \/><\/div>\n<\/div>\n<\/div>\n<\/section>","protected":false},"excerpt":{"rendered":"<p>&nbsp; Joyroom Fit-Life JR-FT5 Plus Smartwatch mit Anrufbeantworterfunktion &#8211; Rosa Entdecken Sie die unvergleichlichen Funktionen der Smartwatch JR-FT5 Plus der<\/p>","protected":false},"featured_media":32150,"comment_status":"open","ping_status":"closed","template":"","meta":[],"product_brand":[],"product_cat":[49,155,471,152,32],"product_tag":[],"class_list":{"0":"post-32030","1":"product","2":"type-product","3":"status-publish","4":"has-post-thumbnail","6":"product_cat-best-offers","7":"product_cat-accessories","8":"product_cat-joyroom-watches-real","9":"product_cat-watches-real","10":"product_cat-smart-wat","12":"first","13":"instock","14":"shipping-taxable","15":"purchasable","16":"product-type-simple"},"_links":{"self":[{"href":"https:\/\/eltawkel-store.com\/en\/wp-json\/wp\/v2\/product\/32030","targetHints":{"allow":["GET"]}}],"collection":[{"href":"https:\/\/eltawkel-store.com\/en\/wp-json\/wp\/v2\/product"}],"about":[{"href":"https:\/\/eltawkel-store.com\/en\/wp-json\/wp\/v2\/types\/product"}],"replies":[{"embeddable":true,"href":"https:\/\/eltawkel-store.com\/en\/wp-json\/wp\/v2\/comments?post=32030"}],"version-history":[{"count":1,"href":"https:\/\/eltawkel-store.com\/en\/wp-json\/wp\/v2\/product\/32030\/revisions"}],"predecessor-version":[{"id":32151,"href":"https:\/\/eltawkel-store.com\/en\/wp-json\/wp\/v2\/product\/32030\/revisions\/32151"}],"wp:featuredmedia":[{"embeddable":true,"href":"https:\/\/eltawkel-store.com\/en\/wp-json\/wp\/v2\/media\/32150"}],"wp:attachment":[{"href":"https:\/\/eltawkel-store.com\/en\/wp-json\/wp\/v2\/media?parent=32030"}],"wp:term":[{"taxonomy":"product_brand","embeddable":true,"href":"https:\/\/eltawkel-store.com\/en\/wp-json\/wp\/v2\/product_brand?post=32030"},{"taxonomy":"product_cat","embeddable":true,"href":"https:\/\/eltawkel-store.com\/en\/wp-json\/wp\/v2\/product_cat?post=32030"},{"taxonomy":"product_tag","embeddable":true,"href":"https:\/\/eltawkel-store.com\/en\/wp-json\/wp\/v2\/product_tag?post=32030"}],"curies":[{"name":"wp","href":"https:\/\/api.w.org\/{rel}","templated":true}]}}